{"id":87,"date":"2023-02-20T21:15:40","date_gmt":"2023-02-20T21:15:40","guid":{"rendered":"https:\/\/milenalange.com\/?page_id=87"},"modified":"2023-02-24T21:22:35","modified_gmt":"2023-02-24T21:22:35","slug":"repertuar","status":"publish","type":"page","link":"https:\/\/milenalange.com\/en\/repertuar\/","title":{"rendered":"Repertoire"},"content":{"rendered":"<div data-elementor-type=\"wp-page\" data-elementor-id=\"87\" class=\"elementor elementor-87\">\n\t\t\t\t\t\t<section class=\"elementor-section elementor-top-section elementor-element elementor-element-71a7398 elementor-section-height-min-height elementor-section-full_width elementor-section-height-default elementor-section-items-middle\" data-id=\"71a7398\" data-element_type=\"section\" data-settings=\"{&quot;background_background&quot;:&quot;classic&quot;}\">\n\t\t\t\t\t\t<div class=\"elementor-container elementor-column-gap-default\">\n\t\t\t\t\t<div class=\"elementor-column elementor-col-100 elementor-top-column elementor-element elementor-element-22ebe96\" data-id=\"22ebe96\" data-element_type=\"column\">\n\t\t\t<div class=\"elementor-widget-wrap\">\n\t\t\t\t\t\t\t<\/div>\n\t\t<\/div>\n\t\t\t\t\t<\/div>\n\t\t<\/section>\n\t\t\t\t<section class=\"elementor-section elementor-top-section elementor-element elementor-element-54f256a elementor-section-height-min-height elementor-section-boxed elementor-section-height-default elementor-section-items-middle\" data-id=\"54f256a\" data-element_type=\"section\" data-settings=\"{&quot;background_background&quot;:&quot;classic&quot;}\">\n\t\t\t\t\t\t<div class=\"elementor-container elementor-column-gap-default\">\n\t\t\t\t\t<div class=\"elementor-column elementor-col-100 elementor-top-column elementor-element elementor-element-dbfb078\" data-id=\"dbfb078\" data-element_type=\"column\" data-settings=\"{&quot;background_background&quot;:&quot;classic&quot;}\">\n\t\t\t<div class=\"elementor-widget-wrap elementor-element-populated\">\n\t\t\t\t\t<div class=\"elementor-background-overlay\"><\/div>\n\t\t\t\t\t\t<div class=\"elementor-element elementor-element-2e421e6 elementor-widget elementor-widget-eael-adv-accordion\" data-id=\"2e421e6\" data-element_type=\"widget\" id=\"2\" data-widget_type=\"eael-adv-accordion.default\">\n\t\t\t\t<div class=\"elementor-widget-container\">\n\t\t\t            <div class=\"eael-adv-accordion\" id=\"eael-adv-accordion-2e421e6\" data-scroll-on-click=\"no\" data-scroll-speed=\"300\" data-accordion-id=\"2e421e6\" data-accordion-type=\"accordion\" data-toogle-speed=\"300\">\n            <div class=\"eael-accordion-list\">\n\t\t\t\t\t<div id=\"opera-parts\" class=\"elementor-tab-title eael-accordion-header\" tabindex=\"0\" data-tab=\"1\" aria-controls=\"elementor-tab-content-4851\"><span class=\"eael-advanced-accordion-icon-closed\"><i aria-hidden=\"true\" class=\"fa-accordion-icon fas fa-plus\"><\/i><\/span><span class=\"eael-advanced-accordion-icon-opened\"><i aria-hidden=\"true\" class=\"fa-accordion-icon fas fa-minus\"><\/i><\/span><span class=\"eael-accordion-tab-title\">Opera parts<\/span><i aria-hidden=\"true\" class=\"fa-toggle fas fa-angle-right\"><\/i><\/div><div id=\"elementor-tab-content-4851\" class=\"eael-accordion-content clearfix\" data-tab=\"1\" aria-labelledby=\"opera-parts\"><p>A. Stradella &#8211; Artemisia &#8211; Il Trespolo Tutore<br \/>W.A.Mozart &#8211; Contessa &#8211; Le Nozze di Figaro<br \/>W.A.Mozart &#8211; Fiordiligi &#8211; Cosi fan Tutte<br \/>W.A.Mozart &#8211; Donna Elwira &#8211; Don Giovanni<br \/>W.A.Mozart &#8211; Vitelia &#8211; La Clemenza di Tito<br \/>G. Rossini &#8211;\u00a0 Semiramide &#8211;\u00a0 Semiramide<br \/>G.Rossini &#8211; Ninetta &#8211; La Gazza Ladra<br \/>P.Mascagni &#8211; Suzel &#8211;\u00a0 L\u2019amico Fritz<br \/>J.Massenet &#8211; Salome &#8211; Herodiade<br \/>C.M.Webber &#8211; Agathe &#8211; Der Freisch\u00fctz<br \/>G.Bizet &#8211; Carmen &#8211; Carmen<br \/>G.Puccini &#8211; Musetta &#8211;\u00a0 La Boheme<br \/>B. Smetana &#8211; Ma\u0159enka &#8211; Prodan\u00e1 nev\u011bsta<br \/>P. Tchaikovsky &#8211; Tatiana &#8211; E. Onegin<br \/>S.Moniuszko &#8211; Hrabina &#8211; Hrabina<br \/>I.Stravinsky &#8211; Anne &#8211; The Rake&#8217;s Progress<\/p><\/div>\n\t\t\t\t\t<\/div><div class=\"eael-accordion-list\">\n\t\t\t\t\t<div id=\"oratorios-cantatas-masses-symphonies\" class=\"elementor-tab-title eael-accordion-header\" tabindex=\"0\" data-tab=\"2\" aria-controls=\"elementor-tab-content-4852\"><span class=\"eael-advanced-accordion-icon-closed\"><i aria-hidden=\"true\" class=\"fa-accordion-icon fas fa-plus\"><\/i><\/span><span class=\"eael-advanced-accordion-icon-opened\"><i aria-hidden=\"true\" class=\"fa-accordion-icon fas fa-minus\"><\/i><\/span><span class=\"eael-accordion-tab-title\">Oratorios, cantatas, masses, symphonies<\/span><i aria-hidden=\"true\" class=\"fa-toggle fas fa-angle-right\"><\/i><\/div><div id=\"elementor-tab-content-4852\" class=\"eael-accordion-content clearfix\" data-tab=\"2\" aria-labelledby=\"oratorios-cantatas-masses-symphonies\"><p>G.F.Haendel &#8211; Messiah<br \/>J.S.Bach &#8211; St John Passion<br \/>J.S.Bach &#8211; St Matthew Passion<br \/>J.S.Bach &#8211; Magnificat<br \/>G.B.Pergolesi &#8211; Stabat Mater<br \/>G. Faur\u00e9 &#8211; Requiem<br \/>A.L.Webber &#8211; Requiem<br \/>G. Rossini &#8211; Petite Messe Solennelle<br \/>J.S.Bach &#8211; Coffee Cantata<br \/>J.S.Bach &#8211; Peasant Cantata<br \/>W.A.Mozart &#8211; Requiem in d-moll<br \/>L.van Beethoven &#8211; Symphony no. 9 in D minor<br \/>H.M.G\u00f3recki &#8211;\u00a0 Symphony of Sorrowful Songs op. 36<br \/>A.Vivaldi &#8211; Gloria RV 589, nr 6<br \/>W.A.Mozart &#8211; Vesperae Solennes de Confessore<br \/>W.A.Mozart &#8211;\u00a0 Coronation Mass in C major<br \/>K. Szymanowski &#8211;\u00a0 Stabat Mater<br \/>Luigi Boccherini &#8211;\u00a0 Stabat Mater\u00a0<\/p><\/div>\n\t\t\t\t\t<\/div><div class=\"eael-accordion-list\">\n\t\t\t\t\t<div id=\"classical-songs\" class=\"elementor-tab-title eael-accordion-header\" tabindex=\"0\" data-tab=\"3\" aria-controls=\"elementor-tab-content-4853\"><span class=\"eael-advanced-accordion-icon-closed\"><i aria-hidden=\"true\" class=\"fa-accordion-icon fas fa-plus\"><\/i><\/span><span class=\"eael-advanced-accordion-icon-opened\"><i aria-hidden=\"true\" class=\"fa-accordion-icon fas fa-minus\"><\/i><\/span><span class=\"eael-accordion-tab-title\">Classical songs<\/span><i aria-hidden=\"true\" class=\"fa-toggle fas fa-angle-right\"><\/i><\/div><div id=\"elementor-tab-content-4853\" class=\"eael-accordion-content clearfix\" data-tab=\"3\" aria-labelledby=\"classical-songs\"><p><strong>Poland<\/strong><\/p><p>\u00a0<\/p><p>F.Chopin, W.Lutos\u0142awski, K. Szymanowski,<br \/>I.Paderewski<br \/><br \/><\/p><p><strong>Scandinavia<\/strong><\/p><p>\u00a0<\/p><p>E. Grieg, J.Sibelius<\/p><p>\u00a0<\/p><p><strong>Germany, Austria<\/strong><\/p><p>\u00a0<\/p><p>F.Schubert, R.Schumann, A.Berg, A. Sch\u00f6nberg<\/p><p>\u00a0<\/p><p><strong>France<\/strong><\/p><p>\u00a0<\/p><p>M. Ravel, C.Debussy, G. Faur\u00e9, L.Delibes,<br \/>R. Hahn, E.Satie<\/p><p>\u00a0<\/p><p><strong>Russia, Czech Republic<\/strong><\/p><p>\u00a0<\/p><p>S. Rachmaninov, P. Tchaikovsky, R.Korsakov,<br \/>A.Dvo\u0159\u00e1k<\/p><p>\u00a0<\/p><p><strong>Spain, Portugal, Brazil<\/strong><\/p><p>\u00a0<\/p><p>E.Granados, M.de Falla, H.V.Lobos,<\/p><\/div>\n\t\t\t\t\t<\/div><div class=\"eael-accordion-list\">\n\t\t\t\t\t<div id=\"film-music\" class=\"elementor-tab-title eael-accordion-header\" tabindex=\"0\" data-tab=\"4\" aria-controls=\"elementor-tab-content-4854\"><span class=\"eael-advanced-accordion-icon-closed\"><i aria-hidden=\"true\" class=\"fa-accordion-icon fas fa-plus\"><\/i><\/span><span class=\"eael-advanced-accordion-icon-opened\"><i aria-hidden=\"true\" class=\"fa-accordion-icon fas fa-minus\"><\/i><\/span><span class=\"eael-accordion-tab-title\">Film music<\/span><i aria-hidden=\"true\" class=\"fa-toggle fas fa-angle-right\"><\/i><\/div><div id=\"elementor-tab-content-4854\" class=\"eael-accordion-content clearfix\" data-tab=\"4\" aria-labelledby=\"film-music\"><p>K.D\u0119bski &#8211; Song of Helena &#8211; The Fire and Sword<br \/>K.D\u0119bski &#8211; Song of Mila &#8211; The Old Fairy Tale<br \/>K. Komeda &#8211;\u00a0 Rosemary&#8217;s Lullaby &#8211;\u00a0 Rosemary&#8217;s baby<br \/>K.Komeda &#8211; Medley Fearless &#8211; Vampire Killers<br \/>K.Komeda &#8211; Barrier &#8211;\u00a0 Barrier<br \/>W. Kilar &#8211; Vocalise &#8211;\u00a0 The Ninth Gate<br \/>J. Horner &#8211; My heart will go on &#8211; Titanic<br \/>E. Morricone &#8211; The Ecstasy of Gold &#8211; The Good, the Bad, the Ugly<br \/>E. Morricone &#8211; Nella fantasia &#8211; The Mission<br \/>E. Morricone &#8211; La Califfa &#8211; La Califfa<br \/>E. Morricone &#8211; Se &#8211;\u00a0 Cinema Paradiso<br \/>Z. Preisner &#8211; Winter Light &#8211; The Secret Garden<br \/>Z. Preisner &#8211; Concerto van den Budenmayer &#8211;\u00a0The Double Life Of Veronique<\/p><p>Z. Preisner &#8211; Decalogue &#8211; Decalogue<br \/>H. Zimmer &#8211; Now we are free &#8211; Gladiator<\/p><\/div>\n\t\t\t\t\t<\/div><\/div>\t\t<\/div>\n\t\t\t\t<\/div>\n\t\t\t\t\t<\/div>\n\t\t<\/div>\n\t\t\t\t\t<\/div>\n\t\t<\/section>\n\t\t\t\t<\/div>","protected":false},"excerpt":{"rendered":"<p>Opera parts A. Stradella &#8211; Artemisia &#8211; Il Trespolo TutoreW.A.Mozart &#8211; Contessa &#8211; Le Nozze di FigaroW.A.Mozart &#8211; Fiordiligi &#8211; Cosi fan TutteW.A.Mozart &#8211; Donna Elwira &#8211; Don GiovanniW.A.Mozart &#8211; Vitelia &#8211; La Clemenza di TitoG. Rossini &#8211;\u00a0 Semiramide &#8211;\u00a0 SemiramideG.Rossini &#8211; Ninetta &#8211; La Gazza LadraP.Mascagni &#8211; Suzel &#8211;\u00a0 L\u2019amico FritzJ.Massenet &#8211; Salome &#8211; &hellip;<\/p>\n<p class=\"read-more\"> <a class=\"\" href=\"https:\/\/milenalange.com\/en\/repertuar\/\"> <span class=\"screen-reader-text\">Repertoire<\/span> Read More &raquo;<\/a><\/p>","protected":false},"author":1,"featured_media":0,"parent":0,"menu_order":0,"comment_status":"closed","ping_status":"closed","template":"","meta":{"site-sidebar-layout":"no-sidebar","site-content-layout":"page-builder","ast-global-header-display":"","ast-main-header-display":"","ast-hfb-above-header-display":"","ast-hfb-below-header-display":"","ast-hfb-mobile-header-display":"","site-post-title":"disabled","ast-breadcrumbs-content":"","ast-featured-img":"disabled","footer-sml-layout":"","theme-transparent-header-meta":"","adv-header-id-meta":"","stick-header-meta":"","header-above-stick-meta":"","header-main-stick-meta":"","header-below-stick-meta":""},"yoast_head":"<!-- This site is optimized with the Yoast SEO plugin v21.1 - https:\/\/yoast.com\/wordpress\/plugins\/seo\/ -->\n<title>Repertuar - Milena Lange<\/title>\n<meta name=\"description\" content=\"Repertuar polskiej sopranistki m\u0142odego pokolenia Mileny Lange. Zapraszamy do zapoznania si\u0119.\" \/>\n<meta name=\"robots\" content=\"index, follow, max-snippet:-1, max-image-preview:large, max-video-preview:-1\" \/>\n<link rel=\"canonical\" href=\"https:\/\/milenalange.com\/en\/repertuar\/\" \/>\n<meta property=\"og:locale\" content=\"en_US\" \/>\n<meta property=\"og:type\" content=\"article\" \/>\n<meta property=\"og:title\" content=\"Repertuar - Milena Lange\" \/>\n<meta property=\"og:description\" content=\"Repertuar polskiej sopranistki m\u0142odego pokolenia Mileny Lange. Zapraszamy do zapoznania si\u0119.\" \/>\n<meta property=\"og:url\" content=\"https:\/\/milenalange.com\/en\/repertuar\/\" \/>\n<meta property=\"article:publisher\" content=\"https:\/\/www.facebook.com\/Milena.Lange.sopran\" \/>\n<meta property=\"article:modified_time\" content=\"2023-02-24T21:22:35+00:00\" \/>\n<meta name=\"twitter:card\" content=\"summary_large_image\" \/>\n<meta name=\"twitter:label1\" content=\"Est. reading time\" \/>\n\t<meta name=\"twitter:data1\" content=\"2 minutes\" \/>\n<script type=\"application\/ld+json\" class=\"yoast-schema-graph\">{\"@context\":\"https:\/\/schema.org\",\"@graph\":[{\"@type\":\"WebPage\",\"@id\":\"https:\/\/milenalange.com\/repertuar\/\",\"url\":\"https:\/\/milenalange.com\/repertuar\/\",\"name\":\"Repertuar - Milena Lange\",\"isPartOf\":{\"@id\":\"https:\/\/milenalange.com\/#website\"},\"datePublished\":\"2023-02-20T21:15:40+00:00\",\"dateModified\":\"2023-02-24T21:22:35+00:00\",\"description\":\"Repertuar polskiej sopranistki m\u0142odego pokolenia Mileny Lange. Zapraszamy do zapoznania si\u0119.\",\"breadcrumb\":{\"@id\":\"https:\/\/milenalange.com\/repertuar\/#breadcrumb\"},\"inLanguage\":\"en-US\",\"potentialAction\":[{\"@type\":\"ReadAction\",\"target\":[\"https:\/\/milenalange.com\/repertuar\/\"]}]},{\"@type\":\"BreadcrumbList\",\"@id\":\"https:\/\/milenalange.com\/repertuar\/#breadcrumb\",\"itemListElement\":[{\"@type\":\"ListItem\",\"position\":1,\"name\":\"Home\",\"item\":\"https:\/\/milenalange.com\/\"},{\"@type\":\"ListItem\",\"position\":2,\"name\":\"Repertuar\"}]},{\"@type\":\"WebSite\",\"@id\":\"https:\/\/milenalange.com\/#website\",\"url\":\"https:\/\/milenalange.com\/\",\"name\":\"Milena Lange - Soprano\",\"description\":\"\",\"publisher\":{\"@id\":\"https:\/\/milenalange.com\/#\/schema\/person\/5c116a4d6ce102dfb8f87692e641f7ba\"},\"potentialAction\":[{\"@type\":\"SearchAction\",\"target\":{\"@type\":\"EntryPoint\",\"urlTemplate\":\"https:\/\/milenalange.com\/?s={search_term_string}\"},\"query-input\":\"required name=search_term_string\"}],\"inLanguage\":\"en-US\"},{\"@type\":[\"Person\",\"Organization\"],\"@id\":\"https:\/\/milenalange.com\/#\/schema\/person\/5c116a4d6ce102dfb8f87692e641f7ba\",\"name\":\"milenalange@poczta.fm\",\"image\":{\"@type\":\"ImageObject\",\"inLanguage\":\"en-US\",\"@id\":\"https:\/\/milenalange.com\/#\/schema\/person\/image\/\",\"url\":\"https:\/\/milenalange.com\/wp-content\/uploads\/2023\/02\/cropped-2023-02-23_17h42_24-1.png\",\"contentUrl\":\"https:\/\/milenalange.com\/wp-content\/uploads\/2023\/02\/cropped-2023-02-23_17h42_24-1.png\",\"width\":648,\"height\":216,\"caption\":\"milenalange@poczta.fm\"},\"logo\":{\"@id\":\"https:\/\/milenalange.com\/#\/schema\/person\/image\/\"},\"sameAs\":[\"http:\/\/milenalange.com\",\"https:\/\/www.facebook.com\/Milena.Lange.sopran\",\"https:\/\/www.instagram.com\/milenalange.soprano\/\"]}]}<\/script>\n<!-- \/ Yoast SEO plugin. -->","yoast_head_json":{"title":"Repertuar - Milena Lange","description":"Repertuar polskiej sopranistki m\u0142odego pokolenia Mileny Lange. Zapraszamy do zapoznania si\u0119.","robots":{"index":"index","follow":"follow","max-snippet":"max-snippet:-1","max-image-preview":"max-image-preview:large","max-video-preview":"max-video-preview:-1"},"canonical":"https:\/\/milenalange.com\/en\/repertuar\/","og_locale":"en_US","og_type":"article","og_title":"Repertuar - Milena Lange","og_description":"Repertuar polskiej sopranistki m\u0142odego pokolenia Mileny Lange. Zapraszamy do zapoznania si\u0119.","og_url":"https:\/\/milenalange.com\/en\/repertuar\/","article_publisher":"https:\/\/www.facebook.com\/Milena.Lange.sopran","article_modified_time":"2023-02-24T21:22:35+00:00","twitter_card":"summary_large_image","twitter_misc":{"Est. reading time":"2 minutes"},"schema":{"@context":"https:\/\/schema.org","@graph":[{"@type":"WebPage","@id":"https:\/\/milenalange.com\/repertuar\/","url":"https:\/\/milenalange.com\/repertuar\/","name":"Repertuar - Milena Lange","isPartOf":{"@id":"https:\/\/milenalange.com\/#website"},"datePublished":"2023-02-20T21:15:40+00:00","dateModified":"2023-02-24T21:22:35+00:00","description":"Repertuar polskiej sopranistki m\u0142odego pokolenia Mileny Lange. Zapraszamy do zapoznania si\u0119.","breadcrumb":{"@id":"https:\/\/milenalange.com\/repertuar\/#breadcrumb"},"inLanguage":"en-US","potentialAction":[{"@type":"ReadAction","target":["https:\/\/milenalange.com\/repertuar\/"]}]},{"@type":"BreadcrumbList","@id":"https:\/\/milenalange.com\/repertuar\/#breadcrumb","itemListElement":[{"@type":"ListItem","position":1,"name":"Home","item":"https:\/\/milenalange.com\/"},{"@type":"ListItem","position":2,"name":"Repertuar"}]},{"@type":"WebSite","@id":"https:\/\/milenalange.com\/#website","url":"https:\/\/milenalange.com\/","name":"Milena Lange - Soprano","description":"","publisher":{"@id":"https:\/\/milenalange.com\/#\/schema\/person\/5c116a4d6ce102dfb8f87692e641f7ba"},"potentialAction":[{"@type":"SearchAction","target":{"@type":"EntryPoint","urlTemplate":"https:\/\/milenalange.com\/?s={search_term_string}"},"query-input":"required name=search_term_string"}],"inLanguage":"en-US"},{"@type":["Person","Organization"],"@id":"https:\/\/milenalange.com\/#\/schema\/person\/5c116a4d6ce102dfb8f87692e641f7ba","name":"milenalange@poczta.fm","image":{"@type":"ImageObject","inLanguage":"en-US","@id":"https:\/\/milenalange.com\/#\/schema\/person\/image\/","url":"https:\/\/milenalange.com\/wp-content\/uploads\/2023\/02\/cropped-2023-02-23_17h42_24-1.png","contentUrl":"https:\/\/milenalange.com\/wp-content\/uploads\/2023\/02\/cropped-2023-02-23_17h42_24-1.png","width":648,"height":216,"caption":"milenalange@poczta.fm"},"logo":{"@id":"https:\/\/milenalange.com\/#\/schema\/person\/image\/"},"sameAs":["http:\/\/milenalange.com","https:\/\/www.facebook.com\/Milena.Lange.sopran","https:\/\/www.instagram.com\/milenalange.soprano\/"]}]}},"_links":{"self":[{"href":"https:\/\/milenalange.com\/en\/wp-json\/wp\/v2\/pages\/87"}],"collection":[{"href":"https:\/\/milenalange.com\/en\/wp-json\/wp\/v2\/pages"}],"about":[{"href":"https:\/\/milenalange.com\/en\/wp-json\/wp\/v2\/types\/page"}],"author":[{"embeddable":true,"href":"https:\/\/milenalange.com\/en\/wp-json\/wp\/v2\/users\/1"}],"replies":[{"embeddable":true,"href":"https:\/\/milenalange.com\/en\/wp-json\/wp\/v2\/comments?post=87"}],"version-history":[{"count":68,"href":"https:\/\/milenalange.com\/en\/wp-json\/wp\/v2\/pages\/87\/revisions"}],"predecessor-version":[{"id":1057,"href":"https:\/\/milenalange.com\/en\/wp-json\/wp\/v2\/pages\/87\/revisions\/1057"}],"wp:attachment":[{"href":"https:\/\/milenalange.com\/en\/wp-json\/wp\/v2\/media?parent=87"}],"curies":[{"name":"wp","href":"https:\/\/api.w.org\/{rel}","templated":true}]}}