{"id":30,"date":"2023-02-20T18:10:19","date_gmt":"2023-02-20T18:10:19","guid":{"rendered":"https:\/\/milenalange.com\/?page_id=30"},"modified":"2023-02-24T18:02:50","modified_gmt":"2023-02-24T18:02:50","slug":"o-mnie","status":"publish","type":"page","link":"https:\/\/milenalange.com\/en\/o-mnie\/","title":{"rendered":"About Me"},"content":{"rendered":"\t\t<div data-elementor-type=\"wp-page\" data-elementor-id=\"30\" class=\"elementor elementor-30\">\n\t\t\t\t\t\t<section class=\"elementor-section elementor-top-section elementor-element elementor-element-8c77e82 elementor-section-boxed elementor-section-height-default elementor-section-height-default\" data-id=\"8c77e82\" data-element_type=\"section\" data-settings=\"{&quot;background_background&quot;:&quot;classic&quot;}\">\n\t\t\t\t\t\t<div class=\"elementor-container elementor-column-gap-default\">\n\t\t\t\t\t<div class=\"elementor-column elementor-col-100 elementor-top-column elementor-element elementor-element-202f36c\" data-id=\"202f36c\" data-element_type=\"column\">\n\t\t\t<div class=\"elementor-widget-wrap elementor-element-populated\">\n\t\t\t\t\t\t<section class=\"elementor-section elementor-inner-section elementor-element elementor-element-79044aa elementor-section-boxed elementor-section-height-default elementor-section-height-default\" data-id=\"79044aa\" data-element_type=\"section\">\n\t\t\t\t\t\t<div class=\"elementor-container elementor-column-gap-default\">\n\t\t\t\t\t<div class=\"elementor-column elementor-col-50 elementor-inner-column elementor-element elementor-element-11452cc\" data-id=\"11452cc\" data-element_type=\"column\">\n\t\t\t<div class=\"elementor-widget-wrap elementor-element-populated\">\n\t\t\t\t\t\t<div class=\"elementor-element elementor-element-85627cb elementor-widget elementor-widget-text-editor\" data-id=\"85627cb\" data-element_type=\"widget\" data-widget_type=\"text-editor.default\">\n\t\t\t\t<div class=\"elementor-widget-container\">\n\t\t\t<style>\/*! elementor - v3.23.0 - 05-08-2024 *\/\n.elementor-widget-text-editor.elementor-drop-cap-view-stacked .elementor-drop-cap{background-color:#69727d;color:#fff}.elementor-widget-text-editor.elementor-drop-cap-view-framed .elementor-drop-cap{color:#69727d;border:3px solid;background-color:transparent}.elementor-widget-text-editor:not(.elementor-drop-cap-view-default) .elementor-drop-cap{margin-top:8px}.elementor-widget-text-editor:not(.elementor-drop-cap-view-default) .elementor-drop-cap-letter{width:1em;height:1em}.elementor-widget-text-editor .elementor-drop-cap{float:left;text-align:center;line-height:1;font-size:50px}.elementor-widget-text-editor .elementor-drop-cap-letter{display:inline-block}<\/style>\t\t\t\t<p><span style=\"font-weight: 400;\">Sopranistka m\u0142odego pokolenia obdarzona wyj\u0105tkow\u0105 barw\u0105 g\u0142osu i wszechstronnymi mo\u017cliwo\u015bciami wokalnymi. Absolwentka Uniwersytetu Muzycznego Fryderyka Chopina w Warszawie w klasie \u015bpiewu wybitnej \u015bpiewaczki Anny Radziejewskiej. Artystka o szerokim kr\u0119gu zainteresowa\u0144 muzycznych. Laureatka wielu konkurs\u00f3w wokalnych dla m\u0142odych wykonawc\u00f3w. Uczestniczka wielu kurs\u00f3w mistrzowskich prowadzonych przez wybitnych mistrz\u00f3w \u015bpiewu operowego.&nbsp;<\/span><\/p>\n<p><span style=\"font-weight: 400;\">Z powodzeniem koncertuje na scenach filharmonicznych i teatralnych (Francja,W\u0142ochy, Norwegia Chorwacja, Litwa, Czechy). Cz\u0119sto go\u015bci na scenach takich sal koncertowych jak : Filharmonia Narodowa w Warszawie, Opera Le\u015bna w Sopocie, Centrum Kongresowe ICE Krak\u00f3w, Zamek Kr\u00f3lewski w Warszawie, Filharmonia Ba\u0142tycka w Gda\u0144sku czy Sala Ziemi w Poznaniu.&nbsp;<\/span><\/p><p><span style=\"font-weight: 400;\">Wsp\u00f3\u0142pracuje z wieloma orkiestrami symfonicznymi oraz kameralnymi w Polsce i za granic\u0105. W trakcie swojej dotychczasowej dzia\u0142alno\u015bci artystycznej wsp\u00f3\u0142pracowa\u0142a z wieloma mistrzami batuty m.in. z Andre\u0105 de Carlo, Rubenem Silv\u0105, Krzesimirem D\u0119bskim, Tomaszem Szymusiem, Maciejem Niesio\u0142owskim, Piotrem Wijatkowskim, Bartoszem \u017burakowskim, Adamem Klockiem&#8230;<\/span><\/p>\t\t\t\t\t\t<\/div>\n\t\t\t\t<\/div>\n\t\t\t\t\t<\/div>\n\t\t<\/div>\n\t\t\t\t<div class=\"elementor-column elementor-col-50 elementor-inner-column elementor-element elementor-element-c5f31a3\" data-id=\"c5f31a3\" data-element_type=\"column\">\n\t\t\t<div class=\"elementor-widget-wrap elementor-element-populated\">\n\t\t\t\t\t\t<div class=\"elementor-element elementor-element-df0661d elementor-hidden-mobile elementor-widget elementor-widget-image\" data-id=\"df0661d\" data-element_type=\"widget\" data-widget_type=\"image.default\">\n\t\t\t\t<div class=\"elementor-widget-container\">\n\t\t\t<style>\/*! elementor - v3.23.0 - 05-08-2024 *\/\n.elementor-widget-image{text-align:center}.elementor-widget-image a{display:inline-block}.elementor-widget-image a img[src$=\".svg\"]{width:48px}.elementor-widget-image img{vertical-align:middle;display:inline-block}<\/style>\t\t\t\t\t\t\t\t\t\t<img decoding=\"async\" data-src=\"https:\/\/milenalange.com\/wp-content\/uploads\/2023\/02\/2023-02-23_21h43_22.png\" title=\"Milena Lange Bio\" alt=\"Milena Lange Bio\" loading=\"lazy\" src=\"data:image\/gif;base64,R0lGODlhAQABAAAAACH5BAEKAAEALAAAAAABAAEAAAICTAEAOw==\" class=\"lazyload\" \/><noscript><img decoding=\"async\" src=\"https:\/\/milenalange.com\/wp-content\/uploads\/2023\/02\/2023-02-23_21h43_22.png\" title=\"Milena Lange Bio\" alt=\"Milena Lange Bio\" loading=\"lazy\" \/><\/noscript>\t\t\t\t\t\t\t\t\t\t\t\t\t<\/div>\n\t\t\t\t<\/div>\n\t\t\t\t\t<\/div>\n\t\t<\/div>\n\t\t\t\t\t<\/div>\n\t\t<\/section>\n\t\t\t\t\t<\/div>\n\t\t<\/div>\n\t\t\t\t\t<\/div>\n\t\t<\/section>\n\t\t\t\t<section class=\"elementor-section elementor-top-section elementor-element elementor-element-d0b2524 elementor-section-boxed elementor-section-height-default elementor-section-height-default\" data-id=\"d0b2524\" data-element_type=\"section\" data-settings=\"{&quot;background_background&quot;:&quot;classic&quot;}\">\n\t\t\t\t\t\t<div class=\"elementor-container elementor-column-gap-default\">\n\t\t\t\t\t<div class=\"elementor-column elementor-col-100 elementor-top-column elementor-element elementor-element-36d91e9\" data-id=\"36d91e9\" data-element_type=\"column\">\n\t\t\t<div class=\"elementor-widget-wrap elementor-element-populated\">\n\t\t\t\t\t\t<section class=\"elementor-section elementor-inner-section elementor-element elementor-element-3bed87b elementor-section-boxed elementor-section-height-default elementor-section-height-default\" data-id=\"3bed87b\" data-element_type=\"section\">\n\t\t\t\t\t\t<div class=\"elementor-container elementor-column-gap-default\">\n\t\t\t\t\t<div class=\"elementor-column elementor-col-50 elementor-inner-column elementor-element elementor-element-2001d79\" data-id=\"2001d79\" data-element_type=\"column\">\n\t\t\t<div class=\"elementor-widget-wrap elementor-element-populated\">\n\t\t\t\t\t\t<div class=\"elementor-element elementor-element-3f87935 elementor-widget elementor-widget-image\" data-id=\"3f87935\" data-element_type=\"widget\" data-widget_type=\"image.default\">\n\t\t\t\t<div class=\"elementor-widget-container\">\n\t\t\t\t\t\t\t\t\t\t\t\t\t<img fetchpriority=\"high\" decoding=\"async\" width=\"683\" height=\"1024\" src=\"https:\/\/milenalange.com\/wp-content\/uploads\/2023\/02\/Milena-Lange-122-internet-683x1024.jpg\" class=\"attachment-large size-large wp-image-401\" alt=\"Milena Lange 122\" srcset=\"https:\/\/milenalange.com\/wp-content\/uploads\/2023\/02\/Milena-Lange-122-internet-683x1024.jpg 683w, https:\/\/milenalange.com\/wp-content\/uploads\/2023\/02\/Milena-Lange-122-internet-200x300.jpg 200w, https:\/\/milenalange.com\/wp-content\/uploads\/2023\/02\/Milena-Lange-122-internet-768x1152.jpg 768w, https:\/\/milenalange.com\/wp-content\/uploads\/2023\/02\/Milena-Lange-122-internet.jpg 800w\" sizes=\"(max-width: 683px) 100vw, 683px\" \/>\t\t\t\t\t\t\t\t\t\t\t\t\t<\/div>\n\t\t\t\t<\/div>\n\t\t\t\t\t<\/div>\n\t\t<\/div>\n\t\t\t\t<div class=\"elementor-column elementor-col-50 elementor-inner-column elementor-element elementor-element-38e4626\" data-id=\"38e4626\" data-element_type=\"column\">\n\t\t\t<div class=\"elementor-widget-wrap elementor-element-populated\">\n\t\t\t\t\t\t<div class=\"elementor-element elementor-element-a5ff8d6 elementor-widget elementor-widget-text-editor\" data-id=\"a5ff8d6\" data-element_type=\"widget\" data-widget_type=\"text-editor.default\">\n\t\t\t\t<div class=\"elementor-widget-container\">\n\t\t\t\t\t\t\t<p>Bierze czynny udzia\u0142 w spektaklach operowych, musicalowych oraz koncertach.\u00a0Debiutem operowym artystki by\u0142 udzia\u0142 w \u015bwiatowej prapremierze opery \u201eIl Trespolo Tutore\u201d Allessandra Stradelli, w kt\u00f3rej zagra\u0142a g\u0142\u00f3wn\u0105 rol\u0119 \u2013 Artemisi\u0119 z Orkiestr\u0105 Instrument\u00f3w Historycznych Zak\u0142adu Muzyki Dawnej pod batut\u0105 Maestro Andrea De Carlo z Conservatorio Statale di Musica Alessandro Casella w Akwili. W kwietniu 2018 roku za kreacj\u0119 roli Artemisii w przedstawieniu \u201eIl Trespolo Tutore\u201d w Operze Nova w Bydgoszczy otrzyma\u0142a II nagrod\u0119 w konkursie na najciekawsz\u0105 osobowo\u015b\u0107 11 Mi\u0119dzynarodowego Operowego Forum M\u0142odych w Bydgoszczy. Kolejn\u0105 wa\u017cn\u0105 rol\u0105 operow\u0105 w karierze artystki by\u0142a tytu\u0142owa posta\u0107 Semiramidy z opery Gioacchino Rossiniego, w kt\u00f3r\u0105 wcieli\u0142a si\u0119 w 2021 roku dzi\u0119ki wsp\u00f3\u0142pracy z Akademi\u0105 Teatraln\u0105 im. A. Zelwerowicza w Warszawie pod opiek\u0105 re\u017cysera Micha\u0142a Znanieckiego.<\/p>\t\t\t\t\t\t<\/div>\n\t\t\t\t<\/div>\n\t\t\t\t<div class=\"elementor-element elementor-element-69423c5 elementor-widget elementor-widget-text-editor\" data-id=\"69423c5\" data-element_type=\"widget\" data-widget_type=\"text-editor.default\">\n\t\t\t\t<div class=\"elementor-widget-container\">\n\t\t\t\t\t\t\t<p>Ch\u0119tnie wykonuje r\u00f3wnie\u017c repertuar z kr\u0119gu muzyki rozrywkowej wyst\u0119puj\u0105c z: Natali\u0105 Kukulsk\u0105, S\u0142awkiem Uniatowskim, Piotrem Cugowskim, Jackiem Borkowskim czy z Natali\u0105 Niemen.<\/p>\t\t\t\t\t\t<\/div>\n\t\t\t\t<\/div>\n\t\t\t\t<div class=\"elementor-element elementor-element-7f76e41 elementor-widget elementor-widget-text-editor\" data-id=\"7f76e41\" data-element_type=\"widget\" data-widget_type=\"text-editor.default\">\n\t\t\t\t<div class=\"elementor-widget-container\">\n\t\t\t\t\t\t\t<p>Za\u0142o\u017cycielka i menad\u017cerka orkiestry symfonicznej Warsaw Impressione Orchestra, kt\u00f3ra\u00a0z powodzeniem koncertuje w salach koncertowych Polski i za granic\u0105. Jest dyrektorem Impresariatu Artystycznego MS Promotion, kt\u00f3ry promuje gwiazdy muzyki klasycznej jak i m\u0142ode talenty w Polsce i za granic\u0105. Artystka organizuje r\u00f3\u017cnego rodzaju przedsi\u0119wzi\u0119cia kulturalne (spektakle operowe, operetkowe, musicalowe, koncerty) promuj\u0105c muzyk\u0119 klasyczn\u0105 na najwy\u017cszym poziomie artystycznym. W 2020 roku zosta\u0142a beneficjentk\u0105 programu Funduszu Wsparcia Kultury, dzi\u0119ki kt\u00f3remu zrealizowa\u0142a cztery du\u017ce wydarzenia artystyczne z udzia\u0142em solist\u00f3w oraz orkiestry symfonicznej. W 2021 roku otrzyma\u0142a tytu\u0142 honorowy Ambasadora Stalowej Woli za wybitne osi\u0105gni\u0119cia i promowanie rodzinnego miasta.\u00a0<\/p>\t\t\t\t\t\t<\/div>\n\t\t\t\t<\/div>\n\t\t\t\t<div class=\"elementor-element elementor-element-a822383 elementor-widget elementor-widget-text-editor\" data-id=\"a822383\" data-element_type=\"widget\" data-widget_type=\"text-editor.default\">\n\t\t\t\t<div class=\"elementor-widget-container\">\n\t\t\t\t\t\t\t<p>W 2022 roku nawi\u0105za\u0142a wsp\u00f3\u0142prac\u0119 ze szwajcarsk\u0105 agencj\u0105 Vida Art, kt\u00f3ra promuje artystk\u0119 w takich krajach jak Niemcy, Austria, Szwajcaria, W\u0142ochy czy Francja.<\/p>\t\t\t\t\t\t<\/div>\n\t\t\t\t<\/div>\n\t\t\t\t\t<\/div>\n\t\t<\/div>\n\t\t\t\t\t<\/div>\n\t\t<\/section>\n\t\t\t\t\t<\/div>\n\t\t<\/div>\n\t\t\t\t\t<\/div>\n\t\t<\/section>\n\t\t\t\t<\/div>\n\t\t","protected":false},"excerpt":{"rendered":"<p>Sopranistka m\u0142odego pokolenia obdarzona wyj\u0105tkow\u0105 barw\u0105 g\u0142osu i wszechstronnymi mo\u017cliwo\u015bciami wokalnymi. Absolwentka Uniwersytetu Muzycznego Fryderyka Chopina w Warszawie w klasie \u015bpiewu wybitnej \u015bpiewaczki Anny Radziejewskiej. Artystka o szerokim kr\u0119gu zainteresowa\u0144 muzycznych. Laureatka wielu konkurs\u00f3w wokalnych dla m\u0142odych wykonawc\u00f3w. Uczestniczka wielu kurs\u00f3w mistrzowskich prowadzonych przez wybitnych mistrz\u00f3w \u015bpiewu operowego.&nbsp; Z powodzeniem koncertuje na scenach filharmonicznych i &hellip;<\/p>\n<p class=\"read-more\"> <a class=\"\" href=\"https:\/\/milenalange.com\/en\/o-mnie\/\"> <span class=\"screen-reader-text\">About Me<\/span> Read More &raquo;<\/a><\/p>","protected":false},"author":1,"featured_media":0,"parent":0,"menu_order":0,"comment_status":"closed","ping_status":"closed","template":"","meta":{"site-sidebar-layout":"no-sidebar","site-content-layout":"page-builder","ast-global-header-display":"","ast-main-header-display":"","ast-hfb-above-header-display":"","ast-hfb-below-header-display":"","ast-hfb-mobile-header-display":"","site-post-title":"disabled","ast-breadcrumbs-content":"","ast-featured-img":"disabled","footer-sml-layout":"","theme-transparent-header-meta":"","adv-header-id-meta":"","stick-header-meta":"","header-above-stick-meta":"","header-main-stick-meta":"","header-below-stick-meta":""},"yoast_head":"<!-- This site is optimized with the Yoast SEO plugin v21.1 - https:\/\/yoast.com\/wordpress\/plugins\/seo\/ -->\n<title>O Mnie - Milena Lange<\/title>\n<meta name=\"description\" content=\"Biografia polskiej sopranistki m\u0142odego pokolenia Mileny Lange. Zapraszamy do zapoznania si\u0119.\" \/>\n<meta name=\"robots\" content=\"index, follow, max-snippet:-1, max-image-preview:large, max-video-preview:-1\" \/>\n<link rel=\"canonical\" href=\"https:\/\/milenalange.com\/en\/o-mnie\/\" \/>\n<meta property=\"og:locale\" content=\"en_US\" \/>\n<meta property=\"og:type\" content=\"article\" \/>\n<meta property=\"og:title\" content=\"O Mnie - Milena Lange\" \/>\n<meta property=\"og:description\" content=\"Biografia polskiej sopranistki m\u0142odego pokolenia Mileny Lange. Zapraszamy do zapoznania si\u0119.\" \/>\n<meta property=\"og:url\" content=\"https:\/\/milenalange.com\/en\/o-mnie\/\" \/>\n<meta property=\"article:publisher\" content=\"https:\/\/www.facebook.com\/Milena.Lange.sopran\" \/>\n<meta property=\"article:modified_time\" content=\"2023-02-24T18:02:50+00:00\" \/>\n<meta property=\"og:image\" content=\"http:\/\/milenalange.com\/wp-content\/uploads\/elementor\/thumbs\/2023-02-23_21h43_22-q2lmp1cktcbsi2h32p2wuxkgsiq6frr7vdsrjayi6g.png\" \/>\n<meta name=\"twitter:card\" content=\"summary_large_image\" \/>\n<meta name=\"twitter:label1\" content=\"Est. reading time\" \/>\n\t<meta name=\"twitter:data1\" content=\"3 minutes\" \/>\n<script type=\"application\/ld+json\" class=\"yoast-schema-graph\">{\"@context\":\"https:\/\/schema.org\",\"@graph\":[{\"@type\":\"WebPage\",\"@id\":\"https:\/\/milenalange.com\/o-mnie\/\",\"url\":\"https:\/\/milenalange.com\/o-mnie\/\",\"name\":\"O Mnie - Milena Lange\",\"isPartOf\":{\"@id\":\"https:\/\/milenalange.com\/#website\"},\"datePublished\":\"2023-02-20T18:10:19+00:00\",\"dateModified\":\"2023-02-24T18:02:50+00:00\",\"description\":\"Biografia polskiej sopranistki m\u0142odego pokolenia Mileny Lange. Zapraszamy do zapoznania si\u0119.\",\"breadcrumb\":{\"@id\":\"https:\/\/milenalange.com\/o-mnie\/#breadcrumb\"},\"inLanguage\":\"en-US\",\"potentialAction\":[{\"@type\":\"ReadAction\",\"target\":[\"https:\/\/milenalange.com\/o-mnie\/\"]}]},{\"@type\":\"BreadcrumbList\",\"@id\":\"https:\/\/milenalange.com\/o-mnie\/#breadcrumb\",\"itemListElement\":[{\"@type\":\"ListItem\",\"position\":1,\"name\":\"Home\",\"item\":\"https:\/\/milenalange.com\/\"},{\"@type\":\"ListItem\",\"position\":2,\"name\":\"O Mnie\"}]},{\"@type\":\"WebSite\",\"@id\":\"https:\/\/milenalange.com\/#website\",\"url\":\"https:\/\/milenalange.com\/\",\"name\":\"Milena Lange - Soprano\",\"description\":\"\",\"publisher\":{\"@id\":\"https:\/\/milenalange.com\/#\/schema\/person\/5c116a4d6ce102dfb8f87692e641f7ba\"},\"potentialAction\":[{\"@type\":\"SearchAction\",\"target\":{\"@type\":\"EntryPoint\",\"urlTemplate\":\"https:\/\/milenalange.com\/?s={search_term_string}\"},\"query-input\":\"required name=search_term_string\"}],\"inLanguage\":\"en-US\"},{\"@type\":[\"Person\",\"Organization\"],\"@id\":\"https:\/\/milenalange.com\/#\/schema\/person\/5c116a4d6ce102dfb8f87692e641f7ba\",\"name\":\"milenalange@poczta.fm\",\"image\":{\"@type\":\"ImageObject\",\"inLanguage\":\"en-US\",\"@id\":\"https:\/\/milenalange.com\/#\/schema\/person\/image\/\",\"url\":\"https:\/\/milenalange.com\/wp-content\/uploads\/2023\/02\/cropped-2023-02-23_17h42_24-1.png\",\"contentUrl\":\"https:\/\/milenalange.com\/wp-content\/uploads\/2023\/02\/cropped-2023-02-23_17h42_24-1.png\",\"width\":648,\"height\":216,\"caption\":\"milenalange@poczta.fm\"},\"logo\":{\"@id\":\"https:\/\/milenalange.com\/#\/schema\/person\/image\/\"},\"sameAs\":[\"http:\/\/milenalange.com\",\"https:\/\/www.facebook.com\/Milena.Lange.sopran\",\"https:\/\/www.instagram.com\/milenalange.soprano\/\"]}]}<\/script>\n<!-- \/ Yoast SEO plugin. -->","yoast_head_json":{"title":"O Mnie - Milena Lange","description":"Biografia polskiej sopranistki m\u0142odego pokolenia Mileny Lange. Zapraszamy do zapoznania si\u0119.","robots":{"index":"index","follow":"follow","max-snippet":"max-snippet:-1","max-image-preview":"max-image-preview:large","max-video-preview":"max-video-preview:-1"},"canonical":"https:\/\/milenalange.com\/en\/o-mnie\/","og_locale":"en_US","og_type":"article","og_title":"O Mnie - Milena Lange","og_description":"Biografia polskiej sopranistki m\u0142odego pokolenia Mileny Lange. Zapraszamy do zapoznania si\u0119.","og_url":"https:\/\/milenalange.com\/en\/o-mnie\/","article_publisher":"https:\/\/www.facebook.com\/Milena.Lange.sopran","article_modified_time":"2023-02-24T18:02:50+00:00","og_image":[{"url":"http:\/\/milenalange.com\/wp-content\/uploads\/elementor\/thumbs\/2023-02-23_21h43_22-q2lmp1cktcbsi2h32p2wuxkgsiq6frr7vdsrjayi6g.png"}],"twitter_card":"summary_large_image","twitter_misc":{"Est. reading time":"3 minutes"},"schema":{"@context":"https:\/\/schema.org","@graph":[{"@type":"WebPage","@id":"https:\/\/milenalange.com\/o-mnie\/","url":"https:\/\/milenalange.com\/o-mnie\/","name":"O Mnie - Milena Lange","isPartOf":{"@id":"https:\/\/milenalange.com\/#website"},"datePublished":"2023-02-20T18:10:19+00:00","dateModified":"2023-02-24T18:02:50+00:00","description":"Biografia polskiej sopranistki m\u0142odego pokolenia Mileny Lange. Zapraszamy do zapoznania si\u0119.","breadcrumb":{"@id":"https:\/\/milenalange.com\/o-mnie\/#breadcrumb"},"inLanguage":"en-US","potentialAction":[{"@type":"ReadAction","target":["https:\/\/milenalange.com\/o-mnie\/"]}]},{"@type":"BreadcrumbList","@id":"https:\/\/milenalange.com\/o-mnie\/#breadcrumb","itemListElement":[{"@type":"ListItem","position":1,"name":"Home","item":"https:\/\/milenalange.com\/"},{"@type":"ListItem","position":2,"name":"O Mnie"}]},{"@type":"WebSite","@id":"https:\/\/milenalange.com\/#website","url":"https:\/\/milenalange.com\/","name":"Milena Lange - Soprano","description":"","publisher":{"@id":"https:\/\/milenalange.com\/#\/schema\/person\/5c116a4d6ce102dfb8f87692e641f7ba"},"potentialAction":[{"@type":"SearchAction","target":{"@type":"EntryPoint","urlTemplate":"https:\/\/milenalange.com\/?s={search_term_string}"},"query-input":"required name=search_term_string"}],"inLanguage":"en-US"},{"@type":["Person","Organization"],"@id":"https:\/\/milenalange.com\/#\/schema\/person\/5c116a4d6ce102dfb8f87692e641f7ba","name":"milenalange@poczta.fm","image":{"@type":"ImageObject","inLanguage":"en-US","@id":"https:\/\/milenalange.com\/#\/schema\/person\/image\/","url":"https:\/\/milenalange.com\/wp-content\/uploads\/2023\/02\/cropped-2023-02-23_17h42_24-1.png","contentUrl":"https:\/\/milenalange.com\/wp-content\/uploads\/2023\/02\/cropped-2023-02-23_17h42_24-1.png","width":648,"height":216,"caption":"milenalange@poczta.fm"},"logo":{"@id":"https:\/\/milenalange.com\/#\/schema\/person\/image\/"},"sameAs":["http:\/\/milenalange.com","https:\/\/www.facebook.com\/Milena.Lange.sopran","https:\/\/www.instagram.com\/milenalange.soprano\/"]}]}},"_links":{"self":[{"href":"https:\/\/milenalange.com\/en\/wp-json\/wp\/v2\/pages\/30"}],"collection":[{"href":"https:\/\/milenalange.com\/en\/wp-json\/wp\/v2\/pages"}],"about":[{"href":"https:\/\/milenalange.com\/en\/wp-json\/wp\/v2\/types\/page"}],"author":[{"embeddable":true,"href":"https:\/\/milenalange.com\/en\/wp-json\/wp\/v2\/users\/1"}],"replies":[{"embeddable":true,"href":"https:\/\/milenalange.com\/en\/wp-json\/wp\/v2\/comments?post=30"}],"version-history":[{"count":88,"href":"https:\/\/milenalange.com\/en\/wp-json\/wp\/v2\/pages\/30\/revisions"}],"predecessor-version":[{"id":1042,"href":"https:\/\/milenalange.com\/en\/wp-json\/wp\/v2\/pages\/30\/revisions\/1042"}],"wp:attachment":[{"href":"https:\/\/milenalange.com\/en\/wp-json\/wp\/v2\/media?parent=30"}],"curies":[{"name":"wp","href":"https:\/\/api.w.org\/{rel}","templated":true}]}}